{"id":3,"date":"2025-07-24T06:25:30","date_gmt":"2025-07-24T06:25:30","guid":{"rendered":"https:\/\/olibit.it\/med\/?page_id=3"},"modified":"2025-08-07T13:57:58","modified_gmt":"2025-08-07T13:57:58","slug":"privacy-policy","status":"publish","type":"page","link":"https:\/\/www.olibit.it\/med\/privacy-policy\/","title":{"rendered":"Privacy Policy"},"content":{"rendered":"\n<h2 class=\"wp-block-heading\">Informativa sulla Privacy<\/h2>\n\n\n\n<p><strong>Informativa sul trattamento dei dati personali ai sensi del D.Lgs. n. 196\/03 e successive modifiche e del Regolamento UE n. 679\/16<\/strong><\/p>\n\n\n\n<p>In osservanza del D.Lgs. n. 196 del 30 giugno 2003 (\u201cCodice in materia di protezione dei dati personali\u201d, di seguito pi\u00f9 brevemente \u201cCodice\u201d), e successive modifiche ed in ottemperanza a quanto disposto dall\u2019art. 13 del Regolamento UE n. 679\/16 (di seguito pi\u00f9 brevemente \u201cRegolamento\u201d) desideriamo informarLa che:<\/p>\n\n\n\n<ul class=\"wp-block-list\">\n<li>i dati personali da Lei volontariamente forniti a OLIBIT s.r.l. a socio unico all\u2019atto della registrazione, in occasione di rapporti commerciali finalizzati alla conclusione di accordi contrattuali ed alla loro esecuzione, attivit\u00e0 promozionali ovvero altrimenti acquisiti nell\u2019ambito della nostra attivit\u00e0 nel rispetto delle disposizioni legislative e contrattuali vigenti, sono oggetto di trattamento improntato ai principi di correttezza, liceit\u00e0 e trasparenza e tutelando la Sua riservatezza e i Suoi diritti nel rispetto della normativa sopra richiamata;<\/li>\n\n\n\n<li>per trattamento di dati personali ai sensi dell\u2019art. 4 del Regolamento si intende qualsiasi operazione o insieme di operazioni, compiute con o senza l\u2019ausilio di processi automatizzati come la raccolta, la registrazione, l\u2019organizzazione, la strutturazione, la conservazione, l\u2019adattamento o la modifica, l\u2019estrazione, la consultazione, l\u2019uso, la comunicazione mediante trasmissione, diffusione o qualsiasi altra forma di messa a disposizione, il raffronto o l\u2019interconnessione, la limitazione, la cancellazione o la distruzione.<\/li>\n<\/ul>\n\n\n\n<p>Ai sensi dell\u2019art. 13 del Regolamento UE n. 679\/16, Le comunichiamo quanto segue:<\/p>\n\n\n\n<p>Finalit\u00e0 del trattamento:<\/p>\n\n\n\n<ol class=\"wp-block-list\">\n<li>I suoi dati personali anagrafici verranno trattati per le seguenti finalit\u00e0:\n<ol class=\"wp-block-list\">\n<li>istituzionali, connesse o strumentali all\u2019attivit\u00e0 della OLIBIT s.r.l. a socio unico quali archiviazione, elaborazione, fatturazione, gestione cliente;<\/li>\n\n\n\n<li>per adempiere ad obblighi di legge connessi a norme civilistiche, fiscali, contabili, a fini di gestione amministrativa del rapporto da Lei instaurato con la OLIBIT s.r.l. a socio unico;<\/li>\n\n\n\n<li>per adempiere ad obblighi contrattuali, di supporto tecnico e informazione tecnica, di assistenza post vendita;<\/li>\n\n\n\n<li>di profilazione, per soddisfare indagini di mercato e statistiche relativamente ai prodotti oggetto dell\u2019attivit\u00e0 di OLIBIT s.r.l. a socio unico anche dirette a valutare il grado di soddisfazione degli utenti (customer satisfaction);<\/li>\n\n\n\n<li>di marketing diretto, per la comunicazione su future iniziative commerciali, annunci di nuovi prodotti, servizi e offerte di OLIBIT s.r.l. a socio unico mediante l\u2019invio di materiale pubblicitario e newsletter via mail e\/o cartaceo via posta.<\/li>\n<\/ol>\n<\/li>\n\n\n\n<li>I dati sensibili non vengono raccolti e trattati su questo sito.<\/li>\n<\/ol>\n\n\n\n<p>Base giuridica del trattamento:<\/p>\n\n\n\n<p>Il trattamento dei dati personali anagrafici da Lei forniti \u00e8 giustificato dalla necessit\u00e0 di ottemperare agli obblighi legali e fiscali al quale il Titolare del trattamento \u00e8 soggetto ed alla necessit\u00e0 di esecuzione del contratto di cui Lei \u00e8 parte o di esecuzione di misure precontrattuali adottate su Sua richiesta.<\/p>\n\n\n\n<p>Il conferimento dei Suoi dati anagrafici \u00e8 necessario per poter regolarmente adempiere agli obblighi contrattuali e di legge collegati al rapporto commerciale da Lei instaurato con OLIBIT s.r.l. a socio unico.<\/p>\n\n\n\n<p>Il trattamento dei dati ai fini di marketing diretto e profilazione si fonda sul consenso dell\u2019interessato.&nbsp;&nbsp;&nbsp;&nbsp;&nbsp;&nbsp;<\/p>\n\n\n\n<p>Comunicazione e modalit\u00e0 del trattamento:<\/p>\n\n\n\n<p>Il trattamento sar\u00e0 effettuato con le seguenti modalit\u00e0:<\/p>\n\n\n\n<ol class=\"wp-block-list\">\n<li>i dati personali sono trattati in modo da garantire un\u2019adeguata sicurezza e riservatezza, a tal fine i dati sono raccolti nel nostro data base protetti con misure di sicurezza idonee ad impedire l\u2019accesso o l\u2019utilizzo non autorizzato dei dati personali e delle attrezzature impiegate per il trattamento;<\/li>\n\n\n\n<li>i dati sensibili non vengono trattati su questo sito<\/li>\n\n\n\n<li>nel rispetto delle finalit\u00e0 sopra indicate e consentite dalla normativa, i Suoi dati personali potranno essere comunicati all\u2019esterno nell\u2019ambito:<\/li>\n<\/ol>\n\n\n\n<ul class=\"wp-block-list\">\n<li>di societ\u00e0 collegate, controllanti e affiliate alla OLIBIT s.r.l. a socio unico;<\/li>\n\n\n\n<li>dei partner commerciali OLIBIT s.r.l. a socio unico (societ\u00e0 produttrici, fornitori, vettori e corrieri, ecc.);<\/li>\n\n\n\n<li>posto che la OLIBIT s.r.l. a socio unico opera in ambito internazionale, i dati in questione potranno essere trasferiti all\u2019estero, all\u2019interno del territorio comunitario, per l\u2019esecuzione del contratto concluso tra Lei e OLIBIT s.r.l. a socio unico. Tali dati vengono trasferiti con l\u2019ausilio di garanzie appropriate per la protezione dei Suoi dati.<\/li>\n<\/ul>\n\n\n\n<p>I dati non saranno oggetto di diffusione, come disposto dall\u2019art. 26, comma 5 del Codice e successive modifiche.<\/p>\n\n\n\n<p>Periodo di conservazione dei dati:<\/p>\n\n\n\n<p>I dati personali, anagrafici e sensibili, oggetto di trattamento nell\u2019ambito dell\u2019esecuzione del contratto verranno conservati compatibilmente con gli obblighi legali e fiscali (ad esempio leggi nazionali fiscali o antifrode, durata della garanzia del prodotto ecc.) che richiedono la conservazione dei dati per un determinato periodo di tempo.<\/p>\n\n\n\n<p>Con riferimento ai dati personali anagrafici oggetto di trattamento per finalit\u00e0 di marketing diretto o di profilazione gli stessi saranno conservati nel rispetto del principio di proporzionalit\u00e0 e comunque fino a che non siano state perseguite le finalit\u00e0 del trattamento. A tal proposito, come previsto dall\u2019art. 21 del Regolamento, l\u2019interessato potr\u00e0 esercitare il diritto di opporsi in qualsiasi momento al trattamento dei dati personali che lo riguardano effettuato per tali finalit\u00e0, compresa la profilazione.<\/p>\n\n\n\n<p>Diritti dell\u2019interessato:<\/p>\n\n\n\n<p>In ogni caso, ai sensi degli artt. 15 e ss. Capo III \u201cDiritti dell\u2019interessato\u201d del Regolamento UE n. 679\/16 nonch\u00e9 dell\u2019art. 7 del D.Lgs. 196\/03 e successive modifiche, Lei ha diritto:<\/p>\n\n\n\n<ul class=\"wp-block-list\">\n<li>di ottenere dal Titolare del trattamento la conferma che sia o meno in corso un trattamento di dati personali che La riguardano e in tal caso, di ottenere l\u2019accesso ai dati personali in forma intelligibile;<\/li>\n\n\n\n<li>di ottenere la rettifica, l\u2019integrazione o la cancellazione dei dati personali o la limitazione del trattamento dei dati personali che La riguardano;<\/li>\n\n\n\n<li>di opporsi al trattamento;<\/li>\n\n\n\n<li>di revocare il consenso al trattamento in qualsiasi momento, senza pregiudizio per la liceit\u00e0 del trattamento basato sul consenso acquisito prima della revoca;<\/li>\n\n\n\n<li>di proporre reclamo all\u2019autorit\u00e0 di controllo (Garante privacy).<\/li>\n<\/ul>\n\n\n\n<p>L\u2019interessato potr\u00e0 esercitare i diritti a lui riservati in qualsiasi momento rivolgendosi ai seguenti contatti:<\/p>\n\n\n\n<p><strong>mail:&nbsp;<a href=\"mailto:privacy@doctorshop.it\">privacy@olibit.it<\/a>, Telefono: +39 08251686299<\/strong><\/p>\n\n\n\n<h2 class=\"wp-block-heading\"><strong>Titolare del trattamento:<\/strong><\/h2>\n\n\n\n<p>Il titolare del trattamento \u00e8:<\/p>\n\n\n\n<h1 class=\"wp-block-heading\"><strong>OLIBIT s.r.l. a socio unico<\/strong><\/h1>\n\n\n\n<p>Via Canale, 11<\/p>\n\n\n\n<p>83038 Montemiletto (Av)<\/p>\n\n\n\n<p>Telefono: +39 08251686299<\/p>\n\n\n\n<p>E-mail:&nbsp;<a href=\"mailto:privacy@doctorshop.it\">privacy@olibit.it<\/a><\/p>\n\n\n\n<p>Responsabili del trattamento:<\/p>\n\n\n\n<p>I responsabili del trattamento dati sono:<\/p>\n\n\n\n<ul class=\"wp-block-list\">\n<li>sig, Reppucci Valentino<\/li>\n\n\n\n<li>Accounting Services Srl<\/li>\n<\/ul>\n\n\n\n<h1 class=\"wp-block-heading\">Utilizzo dei cookies<\/h1>\n\n\n\n<h2 class=\"wp-block-heading\"><strong>&#8220;La OLIBIT s.r.l. utilizza solo cookies tecnici&#8221;<\/strong><\/h2>\n\n\n\n<p>Al fine di rendere i propri servizi il pi\u00f9 possibile efficienti e semplici da utilizzare questo Sito fa uso di cookies. Pertanto, quando si visita il Sito, viene inserita una quantit\u00e0 minima di informazioni nel dispositivo dell\u2019Utente, come piccoli file di testo chiamati \u201ccookie\u201d, che vengono salvati nella directory del browser Web dell\u2019Utente. Esistono diversi tipi di cookie, ma sostanzialmente lo scopo principale di un cookie \u00e8 quello di far funzionare pi\u00f9 efficacemente il Sito e di abilitarne determinate funzionalit\u00e0.<\/p>\n\n\n\n<p>I cookie sono utilizzati per migliorare la navigazione globale dell\u2019Utente. In particolare:<\/p>\n\n\n\n<ul class=\"wp-block-list\">\n<li>\u2013 Consentono di navigare in modo efficiente da una pagina all\u2019altra del sito Web.<\/li>\n\n\n\n<li>\u2013 Memorizzano il nome utente e le preferenze inserite.<\/li>\n\n\n\n<li>\u2013 Consentono di evitare di inserire le stesse informazioni (come nome utente e password) pi\u00f9 volte durante la visita.<\/li>\n\n\n\n<li>\u2013 Misurano l\u2019utilizzo dei servizi da parte degli Utenti, per ottimizzare l\u2019esperienza di navigazione e i servizi stessi.<\/li>\n\n\n\n<li>\u2013 Presentano informazioni pubblicitarie mirate in funzione degli interessi e del comportamento manifestato dall\u2019Utente durante la navigazione.<\/li>\n<\/ul>\n\n\n\n<p>Esistono vari tipi di cookie. Qui di seguito sono riportati i tipi cookie che possono essere utilizzati nel Sito con una descrizione della finalit\u00e0 legata all\u2019uso.<\/p>\n\n\n\n<p><strong>Cookie tecnici<\/strong><\/p>\n\n\n\n<p>I cookie di questo tipo sono necessari per il corretto funzionamento di alcune aree del sito. I cookie di questa categoria comprendono sia cookie persistenti che cookie di sessione. In assenza di tali cookie, il sito o alcune porzioni di esso potrebbero non funzionare correttamente. Pertanto, vengono sempre utilizzati, indipendentemente dalle preferenze dall\u2019utente. I cookie di questa categoria vengono sempre inviati dal nostro dominio.<\/p>\n\n\n\n<p><strong>Cookie analitici<\/strong><\/p>\n\n\n\n<p>I cookie di questo tipo vengono utilizzati per raccogliere informazioni sull\u2019utilizzo del sito. Il Titolare usa tali informazioni per analisi statistiche, per migliorare il sito e semplificarne l\u2019utilizzo, oltre che per monitorarne il corretto funzionamento. Questo tipo di cookie raccoglie informazioni in forma anonima sull\u2019attivit\u00e0 degli utenti nel sito e sul modo in cui sono arrivati al Sito e alle pagine visitate. I cookie di questa categoria vengono inviati dal Sito stesso o da domini di terze parti.<\/p>\n\n\n\n<p><strong>Cookie di rilevamento di terze parti<\/strong><\/p>\n\n\n\n<p>Non utilizzati in questo sito<\/p>\n\n\n\n<p><strong>Cookie per l\u2019integrazione di funzionalit\u00e0 di terze parti<\/strong><\/p>\n\n\n\n<p>Non utilizzati in questo sito<\/p>\n","protected":false},"excerpt":{"rendered":"<p>Informativa sulla Privacy Informativa sul trattamento dei dati personali ai sensi del D.Lgs. n. 196\/03 e successive modifiche e del Regolamento UE n. 679\/16 In osservanza del D.Lgs. n. 196 del 30 giugno 2003 (\u201cCodice in materia di protezione dei dati personali\u201d, di seguito pi\u00f9 brevemente \u201cCodice\u201d), e successive modifiche ed in ottemperanza a quanto&hellip; <br \/> <a class=\"read-more\" href=\"https:\/\/www.olibit.it\/med\/privacy-policy\/\">Leggi tutto<\/a><\/p>\n","protected":false},"author":1,"featured_media":0,"parent":0,"menu_order":0,"comment_status":"closed","ping_status":"open","template":"","meta":{"footnotes":""},"class_list":["post-3","page","type-page","status-publish","hentry"],"blog_post_layout_featured_media_urls":{"thumbnail":"","full":""},"categories_names":null,"comments_number":"0","jetpack_sharing_enabled":true,"_links":{"self":[{"href":"https:\/\/www.olibit.it\/med\/wp-json\/wp\/v2\/pages\/3","targetHints":{"allow":["GET"]}}],"collection":[{"href":"https:\/\/www.olibit.it\/med\/wp-json\/wp\/v2\/pages"}],"about":[{"href":"https:\/\/www.olibit.it\/med\/wp-json\/wp\/v2\/types\/page"}],"author":[{"embeddable":true,"href":"https:\/\/www.olibit.it\/med\/wp-json\/wp\/v2\/users\/1"}],"replies":[{"embeddable":true,"href":"https:\/\/www.olibit.it\/med\/wp-json\/wp\/v2\/comments?post=3"}],"version-history":[{"count":2,"href":"https:\/\/www.olibit.it\/med\/wp-json\/wp\/v2\/pages\/3\/revisions"}],"predecessor-version":[{"id":613,"href":"https:\/\/www.olibit.it\/med\/wp-json\/wp\/v2\/pages\/3\/revisions\/613"}],"wp:attachment":[{"href":"https:\/\/www.olibit.it\/med\/wp-json\/wp\/v2\/media?parent=3"}],"curies":[{"name":"wp","href":"https:\/\/api.w.org\/{rel}","templated":true}]}}