{"id":749,"date":"2025-08-08T11:07:56","date_gmt":"2025-08-08T11:07:56","guid":{"rendered":"https:\/\/www.olibit.it\/med\/?page_id=749"},"modified":"2025-08-22T15:26:11","modified_gmt":"2025-08-22T15:26:11","slug":"chi-siamo-focus-sull-azienda-e-sulla-sua-storia","status":"publish","type":"page","link":"https:\/\/www.olibit.it\/med\/chi-siamo-focus-sull-azienda-e-sulla-sua-storia\/","title":{"rendered":"Chi siamo"},"content":{"rendered":"\t\t<div data-elementor-type=\"wp-page\" data-elementor-id=\"749\" class=\"elementor elementor-749\">\n\t\t\t\t<div class=\"elementor-element elementor-element-87d84e3 e-flex e-con-boxed e-con e-parent\" data-id=\"87d84e3\" data-element_type=\"container\" data-e-type=\"container\">\n\t\t\t\t\t<div class=\"e-con-inner\">\n\t\t\t\t<div class=\"elementor-element elementor-element-7a47d63 elementor-invisible elementor-widget elementor-widget-heading\" data-id=\"7a47d63\" data-element_type=\"widget\" data-e-type=\"widget\" data-settings=\"{&quot;_animation&quot;:&quot;fadeInDown&quot;}\" data-widget_type=\"heading.default\">\n\t\t\t\t\t<h2 class=\"elementor-heading-title elementor-size-default\">1995 - 2025<\/h2>\t\t\t\t<\/div>\n\t\t\t\t\t<\/div>\n\t\t\t\t<\/div>\n\t\t<div class=\"elementor-element elementor-element-7cdf6ed e-flex e-con-boxed e-con e-parent\" data-id=\"7cdf6ed\" data-element_type=\"container\" data-e-type=\"container\">\n\t\t\t\t\t<div class=\"e-con-inner\">\n\t\t\t\t<div class=\"elementor-element elementor-element-71668fa elementor-widget__width-initial elementor-invisible elementor-widget elementor-widget-heading\" data-id=\"71668fa\" data-element_type=\"widget\" data-e-type=\"widget\" data-settings=\"{&quot;_animation&quot;:&quot;fadeIn&quot;,&quot;_animation_delay&quot;:1000}\" data-widget_type=\"heading.default\">\n\t\t\t\t\t<h2 class=\"elementor-heading-title elementor-size-default\">\"Da 30 anni al servizio della salute e dell\u2019innovazione\"<\/h2>\t\t\t\t<\/div>\n\t\t\t\t\t<\/div>\n\t\t\t\t<\/div>\n\t\t<div class=\"elementor-element elementor-element-b924ad0 e-con-full e-flex e-con e-parent\" data-id=\"b924ad0\" data-element_type=\"container\" data-e-type=\"container\">\n\t\t\t\t<div class=\"elementor-element elementor-element-8b6174a elementor-widget elementor-widget-heading\" data-id=\"8b6174a\" data-element_type=\"widget\" data-e-type=\"widget\" data-widget_type=\"heading.default\">\n\t\t\t\t\t<h3 class=\"elementor-heading-title elementor-size-default\">Chi siamo, focus sull'azienda e sulla sua storia<\/h3>\t\t\t\t<\/div>\n\t\t\t\t<\/div>\n\t\t<div class=\"elementor-element elementor-element-f9cad8d e-flex e-con-boxed e-con e-parent\" data-id=\"f9cad8d\" data-element_type=\"container\" data-e-type=\"container\">\n\t\t\t\t\t<div class=\"e-con-inner\">\n\t\t<div class=\"elementor-element elementor-element-f53eb0d e-con-full e-flex e-con e-child\" data-id=\"f53eb0d\" data-element_type=\"container\" data-e-type=\"container\">\n\t\t\t\t<div class=\"elementor-element elementor-element-efc4caf elementor-widget elementor-widget-text-editor\" data-id=\"efc4caf\" data-element_type=\"widget\" data-e-type=\"widget\" data-widget_type=\"text-editor.default\">\n\t\t\t\t\t\t\t\t\t<p>Fondata nel 1995, OLIBIT S.r.l. \u00e8 un\u2019azienda italiana con una solida esperienza nel settore della tecnologia applicata alla salute. Con il marchio OLIMED, ci siamo affermati come punto di riferimento nella produzione e distribuzione di frigoriferi medicali, ultra congelatori, vetrine per alimenti senza glutine e soluzioni avanzate per la conservazione sicura di farmaci, vaccini e materiali biologici. I nostri prodotti sono progettati per rispondere alle esigenze di ospedali, laboratori, farmacie e centri di ricerca, garantendo affidabilit\u00e0, precisione e conformit\u00e0 alle normative vigenti, con un\u2019attenzione costante all\u2019innovazione e alla sostenibilit\u00e0 ambientale.<\/p>\n<p>La nostra missione \u00e8 chiara e ambiziosa: proteggere ci\u00f2 che conta. Per questo ci impegniamo ogni giorno a offrire strumenti tecnologici certificati e altamente performanti, pensati per garantire la massima sicurezza nei contesti sanitari e farmaceutici. Crediamo che la qualit\u00e0 e l\u2019innovazione siano fondamentali per migliorare la vita delle persone e sostenere il lavoro degli operatori del settore.<\/p>\n<p>Oltre alla divisione biomedicale, OLIBIT ha sviluppato una divisione informatica altamente specializzata. Ci occupiamo della creazione e gestione di siti web professionali specifici per farmacie ma anche per e-commerce e altre attivit\u00e0, con un focus particolare sull\u2019accessibilit\u00e0, la gestione dei prodotti e l\u2019integrazione con sistemi gestionali. Offriamo anche assistenza tecnica informatica, garantendo supporto continuo, aggiornamenti e soluzioni personalizzate per ogni esigenza digitale. Inoltre, offriamo consulenza sull&#8217;implementazione di rete aziendali e su richiesta, anche il cablaggio e la configurazione.<\/p>\n<p>Grazie a un team multidisciplinare composto da ingegneri, tecnici e sviluppatori, e a una rete di partner qualificati, uniamo innovazione, affidabilit\u00e0 e passione. Il nostro obiettivo \u00e8 accompagnare i clienti verso un futuro pi\u00f9 sicuro, connesso e tecnologicamente avanzato, dove la salute e la digitalizzazione camminano insieme.<\/p>\t\t\t\t\t\t\t\t<\/div>\n\t\t\t\t<\/div>\n\t\t<div class=\"elementor-element elementor-element-97f20b3 e-con-full e-flex e-con e-child\" data-id=\"97f20b3\" data-element_type=\"container\" data-e-type=\"container\">\n\t\t<div class=\"elementor-element elementor-element-72f2602 e-con-full e-flex e-con e-child\" data-id=\"72f2602\" data-element_type=\"container\" data-e-type=\"container\">\n\t\t\t\t<div class=\"elementor-element elementor-element-f688f26 elementor-widget__width-initial elementor-widget elementor-widget-image\" data-id=\"f688f26\" data-element_type=\"widget\" data-e-type=\"widget\" data-widget_type=\"image.default\">\n\t\t\t\t\t\t\t\t\t\t\t\t\t\t\t<img decoding=\"async\" src=\"https:\/\/www.olibit.it\/med\/wp-content\/uploads\/elementor\/thumbs\/imballaggio-e1754812625186-ra1kcwzz4h1f3v7ij4c3ufc17u3urbo20risehzr74.jpg\" title=\"Chi siamo focus sull&#8217;azienda\" alt=\"Chi siamo focus sull&#039;azienda\" loading=\"lazy\" \/>\t\t\t\t\t\t\t\t\t\t\t\t\t\t\t<\/div>\n\t\t\t\t<\/div>\n\t\t<div class=\"elementor-element elementor-element-81df78c e-con-full e-flex e-con e-child\" data-id=\"81df78c\" data-element_type=\"container\" data-e-type=\"container\">\n\t\t\t\t<div class=\"elementor-element elementor-element-5f25e97 elementor-widget__width-initial elementor-widget elementor-widget-image\" data-id=\"5f25e97\" data-element_type=\"widget\" data-e-type=\"widget\" data-widget_type=\"image.default\">\n\t\t\t\t\t\t\t\t\t\t\t\t\t\t\t<img fetchpriority=\"high\" decoding=\"async\" width=\"768\" height=\"504\" src=\"https:\/\/www.olibit.it\/med\/wp-content\/uploads\/2025\/08\/magazzino-web-olimed-1.jpg\" class=\"attachment-large size-large wp-image-1430\" alt=\"\" srcset=\"https:\/\/www.olibit.it\/med\/wp-content\/uploads\/2025\/08\/magazzino-web-olimed-1.jpg 768w, https:\/\/www.olibit.it\/med\/wp-content\/uploads\/2025\/08\/magazzino-web-olimed-1-300x197.jpg 300w, https:\/\/www.olibit.it\/med\/wp-content\/uploads\/2025\/08\/magazzino-web-olimed-1-600x394.jpg 600w\" sizes=\"(max-width: 768px) 100vw, 768px\" \/>\t\t\t\t\t\t\t\t\t\t\t\t\t\t\t<\/div>\n\t\t\t\t<\/div>\n\t\t\t\t<\/div>\n\t\t\t\t\t<\/div>\n\t\t\t\t<\/div>\n\t\t\t\t<\/div>\n\t\t","protected":false},"excerpt":{"rendered":"<p>1995 &#8211; 2025 &#8220;Da 30 anni al servizio della salute e dell\u2019innovazione&#8221; Chi siamo, focus sull&#8217;azienda e sulla sua storia Fondata nel 1995, OLIBIT S.r.l. \u00e8 un\u2019azienda italiana con una solida esperienza nel settore della tecnologia applicata alla salute. Con il marchio OLIMED, ci siamo affermati come punto di riferimento nella produzione e distribuzione di&hellip; <br \/> <a class=\"read-more\" href=\"https:\/\/www.olibit.it\/med\/chi-siamo-focus-sull-azienda-e-sulla-sua-storia\/\">Leggi tutto<\/a><\/p>\n","protected":false},"author":1,"featured_media":35,"parent":0,"menu_order":0,"comment_status":"closed","ping_status":"closed","template":"","meta":{"footnotes":""},"class_list":["post-749","page","type-page","status-publish","has-post-thumbnail","hentry"],"blog_post_layout_featured_media_urls":{"thumbnail":["https:\/\/www.olibit.it\/med\/wp-content\/uploads\/2025\/07\/logo_olimed_2016_p-150x150.png",150,150,true],"full":["https:\/\/www.olibit.it\/med\/wp-content\/uploads\/2025\/07\/logo_olimed_2016_p.png",1099,379,false]},"categories_names":null,"comments_number":"0","jetpack_sharing_enabled":true,"_links":{"self":[{"href":"https:\/\/www.olibit.it\/med\/wp-json\/wp\/v2\/pages\/749","targetHints":{"allow":["GET"]}}],"collection":[{"href":"https:\/\/www.olibit.it\/med\/wp-json\/wp\/v2\/pages"}],"about":[{"href":"https:\/\/www.olibit.it\/med\/wp-json\/wp\/v2\/types\/page"}],"author":[{"embeddable":true,"href":"https:\/\/www.olibit.it\/med\/wp-json\/wp\/v2\/users\/1"}],"replies":[{"embeddable":true,"href":"https:\/\/www.olibit.it\/med\/wp-json\/wp\/v2\/comments?post=749"}],"version-history":[{"count":56,"href":"https:\/\/www.olibit.it\/med\/wp-json\/wp\/v2\/pages\/749\/revisions"}],"predecessor-version":[{"id":1777,"href":"https:\/\/www.olibit.it\/med\/wp-json\/wp\/v2\/pages\/749\/revisions\/1777"}],"wp:featuredmedia":[{"embeddable":true,"href":"https:\/\/www.olibit.it\/med\/wp-json\/wp\/v2\/media\/35"}],"wp:attachment":[{"href":"https:\/\/www.olibit.it\/med\/wp-json\/wp\/v2\/media?parent=749"}],"curies":[{"name":"wp","href":"https:\/\/api.w.org\/{rel}","templated":true}]}}