{"id":587,"date":"2025-08-07T09:33:20","date_gmt":"2025-08-07T09:33:20","guid":{"rendered":"https:\/\/olibit.it\/med\/?post_type=product&#038;p=587"},"modified":"2026-02-05T16:16:46","modified_gmt":"2026-02-05T16:16:46","slug":"ups-per-frigoriferi-medicali-con-uno-spunto-fino-a-2300w","status":"publish","type":"product","link":"https:\/\/www.olibit.it\/med\/prodotto\/ups-per-frigoriferi-medicali-con-uno-spunto-fino-a-2300w\/","title":{"rendered":"UPS &#8211; PER ARMADI FRIGO CON UNO SPUNTO FINO A 2300W"},"content":{"rendered":"<div id=\"productDescription_1\" class=\"productGeneral biggerText\">\n<h3 style=\"text-align: left;\" align=\"justify\"><span style=\"font-size: 18pt;\">GRUPPO DI CONTINUIT\u00c1 &#8211; PER FRIGORIFERI MEDICALI CON UNO SPUNTO FINO A 2300W<\/span><\/h3>\n<p align=\"justify\"><span style=\"font-family: Arial; font-size: 12pt;\"><strong>Utilizzo:\u00a0<\/strong><br \/>\nFrigoriferi e Congelatori con potenza di spunto non superiore a 2300W &#8211; <\/span><\/p>\n<p align=\"justify\"><span style=\"font-family: Arial; font-size: 14pt;\"><strong>Autonomia da 1 a 20 ore<\/strong> dipende dall&#8217;assorbimento del frigo. <\/span><\/p>\n<p align=\"justify\"><strong>Il nostro TEST<\/strong><\/p>\n<p align=\"justify\"><span style=\"font-family: Arial; font-size: 12pt;\">I<\/span>l risultato dei nostri test condotti sul modello <strong>DS-CL200VG<\/strong> (assorbimento circa 136W) ha evidenziato che la durata massima in assenza di energia \u00e8 di circa 20 ore. Durante il test la porta \u00e8 stata aperta 5 volte (15 secondi per volta), con frigo vuoto. Bisogna anche tener presente che il compressore (motore) del frigo non \u00e8 sempre in funzione in quanto nel momento in cui il frigorifero raggiunge la temperatura di set point si arresta e riprende non appena la temperatura risale.<\/p>\n<p align=\"justify\"><span style=\"font-size: 12pt;\"><b><span style=\"font-family: arial, helvetica, sans-serif;\">Caratteristiche principali:<\/span><\/b><\/span><\/p>\n<p><span style=\"font-size: 12pt;\">Dispone di una capacit\u00e0 di 1024Wh e un potente inverter da 1200W (2400W di picco), che supporta frigoriferi con potenza di avvio (spunto) fino a 2300W. L&#8217;inverter bidirezionale a onda sinusoidale pura fornisce una tensione costante, proteggendo i dispositivi.<\/span><\/p>\n<p><span style=\"font-size: 12pt;\">Pu\u00f2 essere caricato rapidamente in soli 1,5 ore tramite una presa a muro. Pu\u00f2 essere ricaricato anche attraverso pannelli solari. Utilizzando solo i pannelli solari (500W max), impiega solo 2,5 ore per la ricarica. Il tempo di ricarica pu\u00f2 essere ridotto a meno di 1 ora utilizzando una combinazione di presa a muro e ricarica con pannello solare.<\/span><\/p>\n<p><span style=\"font-size: 12pt;\">Questo dispositivo da 1200W funziona in silenzio, garantendo un&#8217;esperienza di ricarica silenziosa. Con un peso di circa 12Kg, \u00e8 pi\u00f9 leggero e portatile rispetto ad altri generatori.<\/span><\/p>\n<p><span style=\"font-size: 12pt;\">\u00c9 dotato di una batteria LiFePO4 aggiornata che supera i 3500 cicli, garantendo una durata di 10 anni. Rinomata per la sua durabilit\u00e0 e la sua eco-sostenibilit\u00e0, la batteria LiFePO4 \u00e8 combinata con la tecnologia BMS per offrire molteplici funzioni di protezione. Inoltre, il sistema UPS integrato si attiva entro 0,1 secondi, garantendo un backup di alimentazione senza interruzioni.<\/span><\/p>\n<p><span style=\"font-size: 12pt;\">Offre 1024Wh (1200W di potenza in uscita AC).<\/span><\/p>\n<p><strong><em>Le foto sono solo indicative, i colori e la struttura possono variare ma le caratteristiche tecniche saranno sempre le stesse.<\/em><\/strong><\/p>\n<\/div>\n","protected":false},"excerpt":{"rendered":"<ul>\n<li style=\"text-align: left;\"><span style=\"font-size: 12pt;\">Autonomia fino a 20 ore (<span style=\"font-family: Arial;\">dipende dall&#8217;assorbimento del frigo)<\/span><\/span><\/li>\n<li style=\"text-align: left;\"><span style=\"font-size: 12pt;\">Funzione UPS con passaggio automatico in meno di 10ms<\/span><\/li>\n<li style=\"text-align: left;\"><span style=\"font-size: 12pt;\">Batteria LiFePO4 da 1024Wh con oltre 4000 cicli di vita (circa 10 anni)<\/span><\/li>\n<li style=\"text-align: left;\"><span style=\"font-size: 12pt;\">Uscita a onda sinusoidale pura da 1200W (picco 2400W)<\/span><\/li>\n<li style=\"text-align: left;\"><span style=\"font-size: 12pt;\">Ricarica ultrarapida: dallo 0 all\u201980% in circa 49 minuti<\/span><\/li>\n<li style=\"text-align: left;\"><span style=\"font-size: 12pt;\">Quattro modalit\u00e0 di ricarica: presa AC, pannello solare o combinata<\/span><\/li>\n<li style=\"text-align: left;\">Display LCD intelligente<\/li>\n<li style=\"text-align: left;\">Regolazione della velocit\u00e0 di ricarica (da 200 a 1000W)<\/li>\n<li style=\"text-align: left;\">Struttura robusta, portatile (11,5 kg) e facile da trasportare<\/li>\n<\/ul>\n","protected":false},"featured_media":1901,"template":"","meta":[],"product_brand":[],"product_cat":[29],"product_tag":[],"class_list":{"0":"post-587","1":"product","2":"type-product","3":"status-publish","4":"has-post-thumbnail","6":"product_cat-gruppi-di-continuita-frigoriferi-farmaci-vaccini","8":"first","9":"instock","10":"sale","11":"taxable","12":"shipping-taxable","13":"purchasable","14":"product-type-simple"},"blog_post_layout_featured_media_urls":{"thumbnail":["https:\/\/www.olibit.it\/med\/wp-content\/uploads\/2025\/08\/UPS-PS1200W_r-150x150.jpg",150,150,true],"full":["https:\/\/www.olibit.it\/med\/wp-content\/uploads\/2025\/08\/UPS-PS1200W_r.jpg",1000,1000,false]},"categories":null,"categories_names":null,"comments_number":"0","jetpack_sharing_enabled":true,"_links":{"self":[{"href":"https:\/\/www.olibit.it\/med\/wp-json\/wp\/v2\/product\/587","targetHints":{"allow":["GET"]}}],"collection":[{"href":"https:\/\/www.olibit.it\/med\/wp-json\/wp\/v2\/product"}],"about":[{"href":"https:\/\/www.olibit.it\/med\/wp-json\/wp\/v2\/types\/product"}],"wp:featuredmedia":[{"embeddable":true,"href":"https:\/\/www.olibit.it\/med\/wp-json\/wp\/v2\/media\/1901"}],"wp:attachment":[{"href":"https:\/\/www.olibit.it\/med\/wp-json\/wp\/v2\/media?parent=587"}],"wp:term":[{"taxonomy":"product_brand","embeddable":true,"href":"https:\/\/www.olibit.it\/med\/wp-json\/wp\/v2\/product_brand?post=587"},{"taxonomy":"product_cat","embeddable":true,"href":"https:\/\/www.olibit.it\/med\/wp-json\/wp\/v2\/product_cat?post=587"},{"taxonomy":"product_tag","embeddable":true,"href":"https:\/\/www.olibit.it\/med\/wp-json\/wp\/v2\/product_tag?post=587"}],"curies":[{"name":"wp","href":"https:\/\/api.w.org\/{rel}","templated":true}]}}